{"id":91,"date":"2019-11-05T19:59:48","date_gmt":"2019-11-05T18:59:48","guid":{"rendered":"http:\/\/xle.be\/?page_id=91"},"modified":"2021-12-27T09:11:13","modified_gmt":"2021-12-27T08:11:13","slug":"homepage","status":"publish","type":"page","link":"https:\/\/xle.be\/","title":{"rendered":"Confiez votre comptabilit\u00e9 en toute tranquilit\u00e9"},"content":{"rendered":"\n<h2 class=\"wp-block-heading\">Concentrez-vous sur votre activit\u00e9, nous nous occupons du reste.<\/h2>\n\n\n\n<div class=\"wp-block-columns has-2-columns is-layout-flex wp-container-core-columns-is-layout-9d6595d7 wp-block-columns-is-layout-flex\">\n<div class=\"wp-block-column is-layout-flow wp-block-column-is-layout-flow\">\n<div class=\"wp-block-columns has-2-columns is-layout-flex wp-container-core-columns-is-layout-9d6595d7 wp-block-columns-is-layout-flex\">\n<div class=\"wp-block-column is-layout-flow wp-block-column-is-layout-flow\">\n<figure class=\"wp-block-image\"><img loading=\"lazy\" decoding=\"async\" width=\"512\" height=\"512\" src=\"http:\/\/xle.be\/wp-content\/uploads\/2019\/11\/iconfinder_calculator-pencil_532650.png\" alt=\"\" class=\"wp-image-124\" srcset=\"https:\/\/xle.be\/wp-content\/uploads\/2019\/11\/iconfinder_calculator-pencil_532650.png 512w, https:\/\/xle.be\/wp-content\/uploads\/2019\/11\/iconfinder_calculator-pencil_532650-150x150.png 150w, https:\/\/xle.be\/wp-content\/uploads\/2019\/11\/iconfinder_calculator-pencil_532650-300x300.png 300w\" sizes=\"auto, (max-width: 512px) 100vw, 512px\" \/><figcaption>Gestion comptable<\/figcaption><\/figure>\n<\/div>\n\n\n\n<div class=\"wp-block-column is-layout-flow wp-block-column-is-layout-flow\">\n<figure class=\"wp-block-image\"><img loading=\"lazy\" decoding=\"async\" width=\"512\" height=\"512\" src=\"http:\/\/xle.be\/wp-content\/uploads\/2019\/11\/iconfinder-fiscale.png\" alt=\"\" class=\"wp-image-132\" srcset=\"https:\/\/xle.be\/wp-content\/uploads\/2019\/11\/iconfinder-fiscale.png 512w, https:\/\/xle.be\/wp-content\/uploads\/2019\/11\/iconfinder-fiscale-150x150.png 150w, https:\/\/xle.be\/wp-content\/uploads\/2019\/11\/iconfinder-fiscale-300x300.png 300w\" sizes=\"auto, (max-width: 512px) 100vw, 512px\" \/><figcaption>Gestion fiscale<\/figcaption><\/figure>\n\n\n\n<p><\/p>\n<\/div>\n<\/div>\n\n\n\n<p><\/p>\n<\/div>\n\n\n\n<div class=\"wp-block-column is-layout-flow wp-block-column-is-layout-flow\">\n<div class=\"wp-block-columns has-2-columns is-layout-flex wp-container-core-columns-is-layout-9d6595d7 wp-block-columns-is-layout-flex\">\n<div class=\"wp-block-column is-layout-flow wp-block-column-is-layout-flow\">\n<figure class=\"wp-block-image\"><img loading=\"lazy\" decoding=\"async\" width=\"512\" height=\"512\" src=\"http:\/\/xle.be\/wp-content\/uploads\/2019\/11\/iconfinder_receipt-paid-paper_532630.png\" alt=\"\" class=\"wp-image-126\" srcset=\"https:\/\/xle.be\/wp-content\/uploads\/2019\/11\/iconfinder_receipt-paid-paper_532630.png 512w, https:\/\/xle.be\/wp-content\/uploads\/2019\/11\/iconfinder_receipt-paid-paper_532630-150x150.png 150w, https:\/\/xle.be\/wp-content\/uploads\/2019\/11\/iconfinder_receipt-paid-paper_532630-300x300.png 300w\" sizes=\"auto, (max-width: 512px) 100vw, 512px\" \/><figcaption>D\u00e9clarations et bilans<\/figcaption><\/figure>\n<\/div>\n\n\n\n<div class=\"wp-block-column is-layout-flow wp-block-column-is-layout-flow\">\n<figure class=\"wp-block-image\"><img loading=\"lazy\" decoding=\"async\" width=\"256\" height=\"256\" src=\"http:\/\/xle.be\/wp-content\/uploads\/2019\/11\/iconfinder_graphs_532641-1.png\" alt=\"\" class=\"wp-image-129\" srcset=\"https:\/\/xle.be\/wp-content\/uploads\/2019\/11\/iconfinder_graphs_532641-1.png 256w, https:\/\/xle.be\/wp-content\/uploads\/2019\/11\/iconfinder_graphs_532641-1-150x150.png 150w\" sizes=\"auto, (max-width: 256px) 100vw, 256px\" \/><figcaption>Analyses et reporting<\/figcaption><\/figure>\n<\/div>\n<\/div>\n<\/div>\n<\/div>\n\n\n\n<div class=\"wp-block-button\"><a class=\"wp-block-button__link has-text-color has-very-dark-gray-color has-background has-luminous-vivid-amber-background-color\" href=\"http:\/\/xle.be\/index.php\/nos-services\/\">D\u00e9couvrez tous nos services<\/a><\/div>\n\n\n\n<hr class=\"wp-block-separator\"\/>\n\n\n\n<div class=\"wp-block-media-text alignwide\" style=\"grid-template-columns:48% auto\"><figure class=\"wp-block-media-text__media\"><img loading=\"lazy\" decoding=\"async\" width=\"1000\" height=\"484\" src=\"http:\/\/xle.be\/wp-content\/uploads\/2020\/01\/EquipeXLExpertise.png\" alt=\"EquipeXL Expertise Associ\u00e9s\" class=\"wp-image-169\" srcset=\"https:\/\/xle.be\/wp-content\/uploads\/2020\/01\/EquipeXLExpertise.png 1000w, https:\/\/xle.be\/wp-content\/uploads\/2020\/01\/EquipeXLExpertise-300x145.png 300w, https:\/\/xle.be\/wp-content\/uploads\/2020\/01\/EquipeXLExpertise-768x372.png 768w\" sizes=\"auto, (max-width: 1000px) 100vw, 1000px\" \/><\/figure><div class=\"wp-block-media-text__content\">\n<h2 class=\"wp-block-heading\">D\u00e9couvrez pourquoi travailler avec nous<\/h2>\n\n\n\n<p>Ce qui fait notre diff\u00e9rence et notre gage de qualit\u00e9<\/p>\n\n\n\n<div class=\"wp-block-button\"><a class=\"wp-block-button__link has-text-color has-very-dark-gray-color has-background has-luminous-vivid-amber-background-color\" href=\"http:\/\/xle.be\/index.php\/qui-sommes-nous\/\">Nos valeurs<\/a><\/div>\n\n\n\n<p><\/p>\n<\/div><\/div>\n\n\n\n<hr class=\"wp-block-separator\"\/>\n\n\n\n<div class=\"wp-block-media-text alignwide has-media-on-the-right\"><figure class=\"wp-block-media-text__media\"><img loading=\"lazy\" decoding=\"async\" width=\"1024\" height=\"683\" src=\"http:\/\/xle.be\/wp-content\/uploads\/2019\/11\/background-beverage-breakfast-brown-414645-1024x683.jpg\" alt=\"\" class=\"wp-image-138\" srcset=\"https:\/\/xle.be\/wp-content\/uploads\/2019\/11\/background-beverage-breakfast-brown-414645-1024x683.jpg 1024w, https:\/\/xle.be\/wp-content\/uploads\/2019\/11\/background-beverage-breakfast-brown-414645-300x200.jpg 300w, https:\/\/xle.be\/wp-content\/uploads\/2019\/11\/background-beverage-breakfast-brown-414645-768x512.jpg 768w\" sizes=\"auto, (max-width: 1024px) 100vw, 1024px\" \/><\/figure><div class=\"wp-block-media-text__content\">\n<h2 class=\"wp-block-heading\">Discutons de votre projet ensemble<\/h2>\n\n\n\n<p>Un conseil personnalis\u00e9 et une collaboration de confiance<\/p>\n\n\n\n<div class=\"wp-block-button\"><a class=\"wp-block-button__link has-text-color has-very-dark-gray-color has-background has-luminous-vivid-amber-background-color\" href=\"http:\/\/xle.be\/index.php\/contact\/\">Contactez-nous<\/a><\/div>\n<\/div><\/div>\n","protected":false},"excerpt":{"rendered":"<p>Concentrez-vous sur votre activit\u00e9, nous nous occupons du reste.<\/p>\n","protected":false},"author":2,"featured_media":86,"parent":0,"menu_order":0,"comment_status":"closed","ping_status":"closed","template":"","meta":{"_monsterinsights_skip_tracking":false,"_monsterinsights_sitenote_active":false,"_monsterinsights_sitenote_note":"","_monsterinsights_sitenote_category":0,"footnotes":""},"class_list":["post-91","page","type-page","status-publish","has-post-thumbnail","hentry"],"yoast_head":"<!-- This site is optimized with the Yoast SEO plugin v26.6 - https:\/\/yoast.com\/wordpress\/plugins\/seo\/ -->\n<title>Confiez votre comptabilit\u00e9 en toute tranquilit\u00e9 - XL Expertise et Associ\u00e9s<\/title>\n<meta name=\"description\" content=\"Votre expert-comptable \u00e0 Nivelles, pour une gestion en toute confiance de votre comptabilit\u00e9\" \/>\n<meta name=\"robots\" content=\"index, follow, max-snippet:-1, max-image-preview:large, max-video-preview:-1\" \/>\n<link rel=\"canonical\" href=\"https:\/\/xle.be\/\" \/>\n<meta property=\"og:locale\" content=\"en_US\" \/>\n<meta property=\"og:type\" content=\"article\" \/>\n<meta property=\"og:title\" content=\"Confiez votre comptabilit\u00e9 en toute tranquilit\u00e9 - XL Expertise et Associ\u00e9s\" \/>\n<meta property=\"og:description\" content=\"Votre expert-comptable \u00e0 Nivelles, pour une gestion en toute confiance de votre comptabilit\u00e9\" \/>\n<meta property=\"og:url\" content=\"https:\/\/xle.be\/\" \/>\n<meta property=\"og:site_name\" content=\"XL Expertise et Associ\u00e9s\" \/>\n<meta property=\"article:modified_time\" content=\"2021-12-27T08:11:13+00:00\" \/>\n<meta property=\"og:image\" content=\"https:\/\/xle.be\/wp-content\/uploads\/2019\/11\/alvin-engler-bIhpiQA009k-unsplash-e1572979877310.jpg\" \/>\n\t<meta property=\"og:image:width\" content=\"5901\" \/>\n\t<meta property=\"og:image:height\" content=\"2330\" \/>\n\t<meta property=\"og:image:type\" content=\"image\/jpeg\" \/>\n<meta name=\"twitter:card\" content=\"summary_large_image\" \/>\n<script type=\"application\/ld+json\" class=\"yoast-schema-graph\">{\"@context\":\"https:\/\/schema.org\",\"@graph\":[{\"@type\":\"WebPage\",\"@id\":\"https:\/\/xle.be\/\",\"url\":\"https:\/\/xle.be\/\",\"name\":\"Confiez votre comptabilit\u00e9 en toute tranquilit\u00e9 - XL Expertise et Associ\u00e9s\",\"isPartOf\":{\"@id\":\"https:\/\/xle.be\/#website\"},\"primaryImageOfPage\":{\"@id\":\"https:\/\/xle.be\/#primaryimage\"},\"image\":{\"@id\":\"https:\/\/xle.be\/#primaryimage\"},\"thumbnailUrl\":\"https:\/\/xle.be\/wp-content\/uploads\/2019\/11\/alvin-engler-bIhpiQA009k-unsplash-e1572979877310.jpg\",\"datePublished\":\"2019-11-05T18:59:48+00:00\",\"dateModified\":\"2021-12-27T08:11:13+00:00\",\"description\":\"Votre expert-comptable \u00e0 Nivelles, pour une gestion en toute confiance de votre comptabilit\u00e9\",\"breadcrumb\":{\"@id\":\"https:\/\/xle.be\/#breadcrumb\"},\"inLanguage\":\"en-US\",\"potentialAction\":[{\"@type\":\"ReadAction\",\"target\":[\"https:\/\/xle.be\/\"]}]},{\"@type\":\"ImageObject\",\"inLanguage\":\"en-US\",\"@id\":\"https:\/\/xle.be\/#primaryimage\",\"url\":\"https:\/\/xle.be\/wp-content\/uploads\/2019\/11\/alvin-engler-bIhpiQA009k-unsplash-e1572979877310.jpg\",\"contentUrl\":\"https:\/\/xle.be\/wp-content\/uploads\/2019\/11\/alvin-engler-bIhpiQA009k-unsplash-e1572979877310.jpg\",\"width\":5901,\"height\":2330,\"caption\":\"Confiez votre comptabilit\u00e9 en toute tranquillit\u00e9\"},{\"@type\":\"BreadcrumbList\",\"@id\":\"https:\/\/xle.be\/#breadcrumb\",\"itemListElement\":[{\"@type\":\"ListItem\",\"position\":1,\"name\":\"Accueil\",\"item\":\"https:\/\/xle.be\/\"},{\"@type\":\"ListItem\",\"position\":2,\"name\":\"Confiez votre comptabilit\u00e9 en toute tranquilit\u00e9\"}]},{\"@type\":\"WebSite\",\"@id\":\"https:\/\/xle.be\/#website\",\"url\":\"https:\/\/xle.be\/\",\"name\":\"XL Expertise et Associ\u00e9s\",\"description\":\"Expert comptable \u00e0 Nivelles\",\"publisher\":{\"@id\":\"https:\/\/xle.be\/#organization\"},\"potentialAction\":[{\"@type\":\"SearchAction\",\"target\":{\"@type\":\"EntryPoint\",\"urlTemplate\":\"https:\/\/xle.be\/?s={search_term_string}\"},\"query-input\":{\"@type\":\"PropertyValueSpecification\",\"valueRequired\":true,\"valueName\":\"search_term_string\"}}],\"inLanguage\":\"en-US\"},{\"@type\":\"Organization\",\"@id\":\"https:\/\/xle.be\/#organization\",\"name\":\"XL Expertise et Associ\u00e9s\",\"url\":\"https:\/\/xle.be\/\",\"logo\":{\"@type\":\"ImageObject\",\"inLanguage\":\"en-US\",\"@id\":\"https:\/\/xle.be\/#\/schema\/logo\/image\/\",\"url\":\"https:\/\/xle.be\/wp-content\/uploads\/2019\/04\/cropped-XL_2017Logo_OK-1.png\",\"contentUrl\":\"https:\/\/xle.be\/wp-content\/uploads\/2019\/04\/cropped-XL_2017Logo_OK-1.png\",\"width\":381,\"height\":162,\"caption\":\"XL Expertise et Associ\u00e9s\"},\"image\":{\"@id\":\"https:\/\/xle.be\/#\/schema\/logo\/image\/\"}}]}<\/script>\n<!-- \/ Yoast SEO plugin. -->","yoast_head_json":{"title":"Confiez votre comptabilit\u00e9 en toute tranquilit\u00e9 - XL Expertise et Associ\u00e9s","description":"Votre expert-comptable \u00e0 Nivelles, pour une gestion en toute confiance de votre comptabilit\u00e9","robots":{"index":"index","follow":"follow","max-snippet":"max-snippet:-1","max-image-preview":"max-image-preview:large","max-video-preview":"max-video-preview:-1"},"canonical":"https:\/\/xle.be\/","og_locale":"en_US","og_type":"article","og_title":"Confiez votre comptabilit\u00e9 en toute tranquilit\u00e9 - XL Expertise et Associ\u00e9s","og_description":"Votre expert-comptable \u00e0 Nivelles, pour une gestion en toute confiance de votre comptabilit\u00e9","og_url":"https:\/\/xle.be\/","og_site_name":"XL Expertise et Associ\u00e9s","article_modified_time":"2021-12-27T08:11:13+00:00","og_image":[{"width":5901,"height":2330,"url":"https:\/\/xle.be\/wp-content\/uploads\/2019\/11\/alvin-engler-bIhpiQA009k-unsplash-e1572979877310.jpg","type":"image\/jpeg"}],"twitter_card":"summary_large_image","schema":{"@context":"https:\/\/schema.org","@graph":[{"@type":"WebPage","@id":"https:\/\/xle.be\/","url":"https:\/\/xle.be\/","name":"Confiez votre comptabilit\u00e9 en toute tranquilit\u00e9 - XL Expertise et Associ\u00e9s","isPartOf":{"@id":"https:\/\/xle.be\/#website"},"primaryImageOfPage":{"@id":"https:\/\/xle.be\/#primaryimage"},"image":{"@id":"https:\/\/xle.be\/#primaryimage"},"thumbnailUrl":"https:\/\/xle.be\/wp-content\/uploads\/2019\/11\/alvin-engler-bIhpiQA009k-unsplash-e1572979877310.jpg","datePublished":"2019-11-05T18:59:48+00:00","dateModified":"2021-12-27T08:11:13+00:00","description":"Votre expert-comptable \u00e0 Nivelles, pour une gestion en toute confiance de votre comptabilit\u00e9","breadcrumb":{"@id":"https:\/\/xle.be\/#breadcrumb"},"inLanguage":"en-US","potentialAction":[{"@type":"ReadAction","target":["https:\/\/xle.be\/"]}]},{"@type":"ImageObject","inLanguage":"en-US","@id":"https:\/\/xle.be\/#primaryimage","url":"https:\/\/xle.be\/wp-content\/uploads\/2019\/11\/alvin-engler-bIhpiQA009k-unsplash-e1572979877310.jpg","contentUrl":"https:\/\/xle.be\/wp-content\/uploads\/2019\/11\/alvin-engler-bIhpiQA009k-unsplash-e1572979877310.jpg","width":5901,"height":2330,"caption":"Confiez votre comptabilit\u00e9 en toute tranquillit\u00e9"},{"@type":"BreadcrumbList","@id":"https:\/\/xle.be\/#breadcrumb","itemListElement":[{"@type":"ListItem","position":1,"name":"Accueil","item":"https:\/\/xle.be\/"},{"@type":"ListItem","position":2,"name":"Confiez votre comptabilit\u00e9 en toute tranquilit\u00e9"}]},{"@type":"WebSite","@id":"https:\/\/xle.be\/#website","url":"https:\/\/xle.be\/","name":"XL Expertise et Associ\u00e9s","description":"Expert comptable \u00e0 Nivelles","publisher":{"@id":"https:\/\/xle.be\/#organization"},"potentialAction":[{"@type":"SearchAction","target":{"@type":"EntryPoint","urlTemplate":"https:\/\/xle.be\/?s={search_term_string}"},"query-input":{"@type":"PropertyValueSpecification","valueRequired":true,"valueName":"search_term_string"}}],"inLanguage":"en-US"},{"@type":"Organization","@id":"https:\/\/xle.be\/#organization","name":"XL Expertise et Associ\u00e9s","url":"https:\/\/xle.be\/","logo":{"@type":"ImageObject","inLanguage":"en-US","@id":"https:\/\/xle.be\/#\/schema\/logo\/image\/","url":"https:\/\/xle.be\/wp-content\/uploads\/2019\/04\/cropped-XL_2017Logo_OK-1.png","contentUrl":"https:\/\/xle.be\/wp-content\/uploads\/2019\/04\/cropped-XL_2017Logo_OK-1.png","width":381,"height":162,"caption":"XL Expertise et Associ\u00e9s"},"image":{"@id":"https:\/\/xle.be\/#\/schema\/logo\/image\/"}}]}},"_links":{"self":[{"href":"https:\/\/xle.be\/index.php\/wp-json\/wp\/v2\/pages\/91","targetHints":{"allow":["GET"]}}],"collection":[{"href":"https:\/\/xle.be\/index.php\/wp-json\/wp\/v2\/pages"}],"about":[{"href":"https:\/\/xle.be\/index.php\/wp-json\/wp\/v2\/types\/page"}],"author":[{"embeddable":true,"href":"https:\/\/xle.be\/index.php\/wp-json\/wp\/v2\/users\/2"}],"replies":[{"embeddable":true,"href":"https:\/\/xle.be\/index.php\/wp-json\/wp\/v2\/comments?post=91"}],"version-history":[{"count":17,"href":"https:\/\/xle.be\/index.php\/wp-json\/wp\/v2\/pages\/91\/revisions"}],"predecessor-version":[{"id":172,"href":"https:\/\/xle.be\/index.php\/wp-json\/wp\/v2\/pages\/91\/revisions\/172"}],"wp:featuredmedia":[{"embeddable":true,"href":"https:\/\/xle.be\/index.php\/wp-json\/wp\/v2\/media\/86"}],"wp:attachment":[{"href":"https:\/\/xle.be\/index.php\/wp-json\/wp\/v2\/media?parent=91"}],"curies":[{"name":"wp","href":"https:\/\/api.w.org\/{rel}","templated":true}]}}