{"id":8,"date":"2019-04-29T20:47:58","date_gmt":"2019-04-29T18:47:58","guid":{"rendered":"http:\/\/xle.be\/?page_id=8"},"modified":"2021-12-27T09:12:31","modified_gmt":"2021-12-27T08:12:31","slug":"nos-services","status":"publish","type":"page","link":"https:\/\/xle.be\/index.php\/nos-services\/","title":{"rendered":"Nos services"},"content":{"rendered":"\n<p>XL Expertise &amp; Associ\u00e9s vous accompagne tout au long de votre vie professionnelle, de l\u2019analyse de la faisabilit\u00e9 de votre projet, \u00e0 la cession de celui-ci.<\/p>\n\n\n\n<ul><li>Etude de faisabilit\u00e9, en ce compris la r\u00e9daction d\u2019un plan financier<\/li>\n<li>Accomplissement de vos obligations comptables &amp; fiscales, dans le respect de la Loi, de fa\u00e7on adapt\u00e9e \u00e0 la taille et \u00e0 la nature de votre activit\u00e9<\/li>\n<li>D\u00e9claration TVA, d\u00e9claration \u00e0 l\u2019imp\u00f4t des personnes physiques, d\u00e9claration \u00e0 l\u2019imp\u00f4t des soci\u00e9t\u00e9s, d\u00e9claration \u00e0 l\u2019imp\u00f4t des personnes morales, ETC&nbsp;<\/li>\n<li>Organisation et supervision de vos travaux comptables, si vous souhaitez les accomplir vous-m\u00eame&nbsp;<\/li>\n<li>Accompagnement des services comptables des entreprises. <\/li><\/ul>\n<p>Notamment:<\/p>\n<ul><li>Audit comptable, audit fiscal, am\u00e9lioration des proc\u00e9dures administratives, digitalisation&nbsp;<\/li>\n<li>Comptabilit\u00e9 analytique et de gestion&nbsp;<\/li>\n<li>\u00c9tablissement du prix de revient&nbsp;<\/li>\n<li>Suivis de vos demandes sp\u00e9cifiques&nbsp;<\/li>\n<li>Etablissement de tableaux de bord concis et compr\u00e9hensibles&nbsp;<\/li>\n<li>Suivi de vos budgets&nbsp;<\/li>\n<li>Etablissement de pr\u00e9vision de tr\u00e9sorerie&nbsp;<\/li>\n<li>Reporting sur mesure&nbsp;<\/li>\n<li>Suivi des demandes de l\u2019administration fiscale&nbsp;<\/li>\n<li>D\u00e9fense de votre dossier en cas de contr\u00f4le fiscal<\/li><\/ul>\n","protected":false},"excerpt":{"rendered":"<p>XL Expertise &amp; Associ\u00e9s vous accompagne tout au long de votre vie professionnelle, de l\u2019analyse de la faisabilit\u00e9 de votre projet, \u00e0 la cession de&hellip;<\/p>\n","protected":false},"author":2,"featured_media":0,"parent":0,"menu_order":0,"comment_status":"closed","ping_status":"closed","template":"","meta":{"_monsterinsights_skip_tracking":false,"_monsterinsights_sitenote_active":false,"_monsterinsights_sitenote_note":"","_monsterinsights_sitenote_category":0,"footnotes":""},"class_list":["post-8","page","type-page","status-publish","hentry"],"yoast_head":"<!-- This site is optimized with the Yoast SEO plugin v26.6 - https:\/\/yoast.com\/wordpress\/plugins\/seo\/ -->\n<title>Nos services - XL Expertise et Associ\u00e9s<\/title>\n<meta name=\"robots\" content=\"index, follow, max-snippet:-1, max-image-preview:large, max-video-preview:-1\" \/>\n<link rel=\"canonical\" href=\"https:\/\/xle.be\/index.php\/nos-services\/\" \/>\n<meta property=\"og:locale\" content=\"en_US\" \/>\n<meta property=\"og:type\" content=\"article\" \/>\n<meta property=\"og:title\" content=\"Nos services - XL Expertise et Associ\u00e9s\" \/>\n<meta property=\"og:description\" content=\"XL Expertise &amp; Associ\u00e9s vous accompagne tout au long de votre vie professionnelle, de l\u2019analyse de la faisabilit\u00e9 de votre projet, \u00e0 la cession de&hellip;\" \/>\n<meta property=\"og:url\" content=\"https:\/\/xle.be\/index.php\/nos-services\/\" \/>\n<meta property=\"og:site_name\" content=\"XL Expertise et Associ\u00e9s\" \/>\n<meta property=\"article:modified_time\" content=\"2021-12-27T08:12:31+00:00\" \/>\n<meta name=\"twitter:card\" content=\"summary_large_image\" \/>\n<meta name=\"twitter:label1\" content=\"Est. reading time\" \/>\n\t<meta name=\"twitter:data1\" content=\"1 minute\" \/>\n<script type=\"application\/ld+json\" class=\"yoast-schema-graph\">{\"@context\":\"https:\/\/schema.org\",\"@graph\":[{\"@type\":\"WebPage\",\"@id\":\"https:\/\/xle.be\/index.php\/nos-services\/\",\"url\":\"https:\/\/xle.be\/index.php\/nos-services\/\",\"name\":\"Nos services - XL Expertise et Associ\u00e9s\",\"isPartOf\":{\"@id\":\"https:\/\/xle.be\/#website\"},\"datePublished\":\"2019-04-29T18:47:58+00:00\",\"dateModified\":\"2021-12-27T08:12:31+00:00\",\"breadcrumb\":{\"@id\":\"https:\/\/xle.be\/index.php\/nos-services\/#breadcrumb\"},\"inLanguage\":\"en-US\",\"potentialAction\":[{\"@type\":\"ReadAction\",\"target\":[\"https:\/\/xle.be\/index.php\/nos-services\/\"]}]},{\"@type\":\"BreadcrumbList\",\"@id\":\"https:\/\/xle.be\/index.php\/nos-services\/#breadcrumb\",\"itemListElement\":[{\"@type\":\"ListItem\",\"position\":1,\"name\":\"Accueil\",\"item\":\"https:\/\/xle.be\/\"},{\"@type\":\"ListItem\",\"position\":2,\"name\":\"Nos services\"}]},{\"@type\":\"WebSite\",\"@id\":\"https:\/\/xle.be\/#website\",\"url\":\"https:\/\/xle.be\/\",\"name\":\"XL Expertise et Associ\u00e9s\",\"description\":\"Expert comptable \u00e0 Nivelles\",\"publisher\":{\"@id\":\"https:\/\/xle.be\/#organization\"},\"potentialAction\":[{\"@type\":\"SearchAction\",\"target\":{\"@type\":\"EntryPoint\",\"urlTemplate\":\"https:\/\/xle.be\/?s={search_term_string}\"},\"query-input\":{\"@type\":\"PropertyValueSpecification\",\"valueRequired\":true,\"valueName\":\"search_term_string\"}}],\"inLanguage\":\"en-US\"},{\"@type\":\"Organization\",\"@id\":\"https:\/\/xle.be\/#organization\",\"name\":\"XL Expertise et Associ\u00e9s\",\"url\":\"https:\/\/xle.be\/\",\"logo\":{\"@type\":\"ImageObject\",\"inLanguage\":\"en-US\",\"@id\":\"https:\/\/xle.be\/#\/schema\/logo\/image\/\",\"url\":\"https:\/\/xle.be\/wp-content\/uploads\/2019\/04\/cropped-XL_2017Logo_OK-1.png\",\"contentUrl\":\"https:\/\/xle.be\/wp-content\/uploads\/2019\/04\/cropped-XL_2017Logo_OK-1.png\",\"width\":381,\"height\":162,\"caption\":\"XL Expertise et Associ\u00e9s\"},\"image\":{\"@id\":\"https:\/\/xle.be\/#\/schema\/logo\/image\/\"}}]}<\/script>\n<!-- \/ Yoast SEO plugin. -->","yoast_head_json":{"title":"Nos services - XL Expertise et Associ\u00e9s","robots":{"index":"index","follow":"follow","max-snippet":"max-snippet:-1","max-image-preview":"max-image-preview:large","max-video-preview":"max-video-preview:-1"},"canonical":"https:\/\/xle.be\/index.php\/nos-services\/","og_locale":"en_US","og_type":"article","og_title":"Nos services - XL Expertise et Associ\u00e9s","og_description":"XL Expertise &amp; Associ\u00e9s vous accompagne tout au long de votre vie professionnelle, de l\u2019analyse de la faisabilit\u00e9 de votre projet, \u00e0 la cession de&hellip;","og_url":"https:\/\/xle.be\/index.php\/nos-services\/","og_site_name":"XL Expertise et Associ\u00e9s","article_modified_time":"2021-12-27T08:12:31+00:00","twitter_card":"summary_large_image","twitter_misc":{"Est. reading time":"1 minute"},"schema":{"@context":"https:\/\/schema.org","@graph":[{"@type":"WebPage","@id":"https:\/\/xle.be\/index.php\/nos-services\/","url":"https:\/\/xle.be\/index.php\/nos-services\/","name":"Nos services - XL Expertise et Associ\u00e9s","isPartOf":{"@id":"https:\/\/xle.be\/#website"},"datePublished":"2019-04-29T18:47:58+00:00","dateModified":"2021-12-27T08:12:31+00:00","breadcrumb":{"@id":"https:\/\/xle.be\/index.php\/nos-services\/#breadcrumb"},"inLanguage":"en-US","potentialAction":[{"@type":"ReadAction","target":["https:\/\/xle.be\/index.php\/nos-services\/"]}]},{"@type":"BreadcrumbList","@id":"https:\/\/xle.be\/index.php\/nos-services\/#breadcrumb","itemListElement":[{"@type":"ListItem","position":1,"name":"Accueil","item":"https:\/\/xle.be\/"},{"@type":"ListItem","position":2,"name":"Nos services"}]},{"@type":"WebSite","@id":"https:\/\/xle.be\/#website","url":"https:\/\/xle.be\/","name":"XL Expertise et Associ\u00e9s","description":"Expert comptable \u00e0 Nivelles","publisher":{"@id":"https:\/\/xle.be\/#organization"},"potentialAction":[{"@type":"SearchAction","target":{"@type":"EntryPoint","urlTemplate":"https:\/\/xle.be\/?s={search_term_string}"},"query-input":{"@type":"PropertyValueSpecification","valueRequired":true,"valueName":"search_term_string"}}],"inLanguage":"en-US"},{"@type":"Organization","@id":"https:\/\/xle.be\/#organization","name":"XL Expertise et Associ\u00e9s","url":"https:\/\/xle.be\/","logo":{"@type":"ImageObject","inLanguage":"en-US","@id":"https:\/\/xle.be\/#\/schema\/logo\/image\/","url":"https:\/\/xle.be\/wp-content\/uploads\/2019\/04\/cropped-XL_2017Logo_OK-1.png","contentUrl":"https:\/\/xle.be\/wp-content\/uploads\/2019\/04\/cropped-XL_2017Logo_OK-1.png","width":381,"height":162,"caption":"XL Expertise et Associ\u00e9s"},"image":{"@id":"https:\/\/xle.be\/#\/schema\/logo\/image\/"}}]}},"_links":{"self":[{"href":"https:\/\/xle.be\/index.php\/wp-json\/wp\/v2\/pages\/8","targetHints":{"allow":["GET"]}}],"collection":[{"href":"https:\/\/xle.be\/index.php\/wp-json\/wp\/v2\/pages"}],"about":[{"href":"https:\/\/xle.be\/index.php\/wp-json\/wp\/v2\/types\/page"}],"author":[{"embeddable":true,"href":"https:\/\/xle.be\/index.php\/wp-json\/wp\/v2\/users\/2"}],"replies":[{"embeddable":true,"href":"https:\/\/xle.be\/index.php\/wp-json\/wp\/v2\/comments?post=8"}],"version-history":[{"count":7,"href":"https:\/\/xle.be\/index.php\/wp-json\/wp\/v2\/pages\/8\/revisions"}],"predecessor-version":[{"id":177,"href":"https:\/\/xle.be\/index.php\/wp-json\/wp\/v2\/pages\/8\/revisions\/177"}],"wp:attachment":[{"href":"https:\/\/xle.be\/index.php\/wp-json\/wp\/v2\/media?parent=8"}],"curies":[{"name":"wp","href":"https:\/\/api.w.org\/{rel}","templated":true}]}}