{"id":6,"date":"2019-04-29T20:47:34","date_gmt":"2019-04-29T18:47:34","guid":{"rendered":"http:\/\/xle.be\/?page_id=6"},"modified":"2021-12-27T09:11:41","modified_gmt":"2021-12-27T08:11:41","slug":"qui-sommes-nous","status":"publish","type":"page","link":"https:\/\/xle.be\/index.php\/qui-sommes-nous\/","title":{"rendered":"Qui sommes-nous"},"content":{"rendered":"\n<blockquote class=\"wp-block-quote is-style-large is-layout-flow wp-block-quote-is-layout-flow\"><p>Membre de l\u2019Institut des Experts-Comptables et Conseils Fiscaux, XL Expertise &amp; Associ\u00e9s vise l\u2019<strong>excellence<\/strong>. Les comp\u00e9tences, un accompagnement s\u00e9rieux et une grande disponibilit\u00e9 sont les moyens pour y parvenir.<\/p><\/blockquote>\n\n\n\n<div class=\"wp-block-media-text alignwide\"><figure class=\"wp-block-media-text__media\"><img loading=\"lazy\" decoding=\"async\" width=\"894\" height=\"568\" src=\"http:\/\/xle.be\/wp-content\/uploads\/2020\/01\/SalleReunionXLExpertise.png\" alt=\"Salle de R\u00e9union XL Expertise\" class=\"wp-image-164\" srcset=\"https:\/\/xle.be\/wp-content\/uploads\/2020\/01\/SalleReunionXLExpertise.png 894w, https:\/\/xle.be\/wp-content\/uploads\/2020\/01\/SalleReunionXLExpertise-300x191.png 300w, https:\/\/xle.be\/wp-content\/uploads\/2020\/01\/SalleReunionXLExpertise-768x488.png 768w\" sizes=\"auto, (max-width: 894px) 100vw, 894px\" \/><\/figure><div class=\"wp-block-media-text__content\">\n<h2 class=\"wp-block-heading\">Formations continues<\/h2>\n\n\n\n<p>Le suivi des changements l\u00e9gislatifs est au c\u0153ur de notre profession.&nbsp;Nous suivons comme il se doit ceux-ci.<br>Via des formations externes et internes, des lectures scientifiques, nous sommes au fait des derniers changements.<\/p>\n<\/div><\/div>\n\n\n\n<hr class=\"wp-block-separator\"\/>\n\n\n\n<div class=\"wp-block-media-text alignwide has-media-on-the-right\"><figure class=\"wp-block-media-text__media\"><img loading=\"lazy\" decoding=\"async\" width=\"820\" height=\"571\" src=\"http:\/\/xle.be\/wp-content\/uploads\/2020\/01\/SophieLaurentEscalier.png\" alt=\"Sophie Laurent\" class=\"wp-image-165\" srcset=\"https:\/\/xle.be\/wp-content\/uploads\/2020\/01\/SophieLaurentEscalier.png 820w, https:\/\/xle.be\/wp-content\/uploads\/2020\/01\/SophieLaurentEscalier-300x209.png 300w, https:\/\/xle.be\/wp-content\/uploads\/2020\/01\/SophieLaurentEscalier-768x535.png 768w\" sizes=\"auto, (max-width: 820px) 100vw, 820px\" \/><\/figure><div class=\"wp-block-media-text__content\">\n<h2 class=\"wp-block-heading\">Int\u00e9grit\u00e9<\/h2>\n\n\n\n<p>L\u2019int\u00e9grit\u00e9 est au centre du service fourni et les conseils adapt\u00e9s au secteur de chacun de nos clients.<br>Nos honoraires sont conformes aux tarifs indicatifs publi\u00e9s par l\u2019Ordre des experts comptables et comptables brevet\u00e9s de Belgique.<\/p>\n<\/div><\/div>\n\n\n\n<hr class=\"wp-block-separator\"\/>\n\n\n\n<div class=\"wp-block-media-text alignwide\"><figure class=\"wp-block-media-text__media\"><img loading=\"lazy\" decoding=\"async\" width=\"813\" height=\"554\" src=\"http:\/\/xle.be\/wp-content\/uploads\/2020\/01\/XavierLaurentDisponibilite.png\" alt=\"Xavier Laurent\" class=\"wp-image-166\" srcset=\"https:\/\/xle.be\/wp-content\/uploads\/2020\/01\/XavierLaurentDisponibilite.png 813w, https:\/\/xle.be\/wp-content\/uploads\/2020\/01\/XavierLaurentDisponibilite-300x204.png 300w, https:\/\/xle.be\/wp-content\/uploads\/2020\/01\/XavierLaurentDisponibilite-768x523.png 768w\" sizes=\"auto, (max-width: 813px) 100vw, 813px\" \/><\/figure><div class=\"wp-block-media-text__content\">\n<h2 class=\"wp-block-heading\">Disponibilit\u00e9 et flexibilit\u00e9<\/h2>\n\n\n\n<p>Nous garantissons une&nbsp;grande disponibilit\u00e9, en adaptant nos horaires de travail et en proposant des heures de rendez-vous en soir\u00e9e (m\u00eame tard) ou le samedi matin si n\u00e9cessaire.<br>Nous proposons une&nbsp;grande souplesse&nbsp;au niveau de nos services, qui se veulent sur mesure. En effet, nous nous adaptons aux besoins de nos clients, en proposant des suivis ou des tableaux de bord \u00e0 fr\u00e9quence variable, mensuel, trimestriel ou annuel.<\/p>\n<\/div><\/div>\n\n\n\n<hr class=\"wp-block-separator\"\/>\n\n\n\n<blockquote class=\"wp-block-quote is-style-large is-layout-flow wp-block-quote-is-layout-flow\"><p>La <strong>satisfaction de nos clients<\/strong> est notre meilleure r\u00e9compense et notre objectif absolu.<\/p><\/blockquote>\n\n\n\n<hr class=\"wp-block-separator\"\/>\n\n\n\n<div class=\"wp-block-media-text alignwide\"><figure class=\"wp-block-media-text__media\"><img loading=\"lazy\" decoding=\"async\" width=\"1024\" height=\"684\" src=\"http:\/\/xle.be\/wp-content\/uploads\/2019\/11\/shallow-focus-photography-of-macbook-792199-1024x684.jpg\" alt=\"\" class=\"wp-image-149\" srcset=\"https:\/\/xle.be\/wp-content\/uploads\/2019\/11\/shallow-focus-photography-of-macbook-792199-1024x684.jpg 1024w, https:\/\/xle.be\/wp-content\/uploads\/2019\/11\/shallow-focus-photography-of-macbook-792199-300x200.jpg 300w, https:\/\/xle.be\/wp-content\/uploads\/2019\/11\/shallow-focus-photography-of-macbook-792199-768x513.jpg 768w\" sizes=\"auto, (max-width: 1024px) 100vw, 1024px\" \/><\/figure><div class=\"wp-block-media-text__content\">\n<h2 class=\"wp-block-heading\">Digitalisation<\/h2>\n\n\n\n<p>Nous essayons d\u2019\u00eatre&nbsp;\u00e0 la <strong>pointe dans cette r\u00e9volution<\/strong>, en collaboration avec des<br> soci\u00e9t\u00e9s belges actives dans ces services aux entreprises.<\/p>\n\n\n\n<ul class=\"wp-block-list\"><li>Dossier permanent en cloud accessibles aux clients 24\/24<\/li><li>Possibilit\u00e9 d\u2019acc\u00e8s des clients \u00e0 leur comptabilit\u00e9 en cloud 24\/24<\/li><li>Acc\u00e8s suivants possibles pour la comptabilit\u00e9 : Lecture seule, Facturation simple, Gestion commerciale avanc\u00e9e, Comptabilit\u00e9 compl\u00e8te<\/li><li>Transmission des documents de fa\u00e7on digitale ou papier<\/li><\/ul>\n\n\n<\/div><\/div>\n\n\n\n<p>En combinant la transmission digitale des documents aves ces outils \u00e0 la pointe, le client peut utiliser lui-m\u00eame sa comptabilit\u00e9 pour sa propre gestion :<\/p>\n\n\n\n<ul><li>Consultation des comptes<\/li>\n<li>Consultation des historiques<\/li>\n<li>Aper\u00e7u rapide des en-cours clients et fournisseurs<\/li>\n<li>Consultation des tableaux de bord simples<\/li><\/ul>\n\n\n\n<p>La comptabilit\u00e9 n\u2019est alors plus uniquement utilis\u00e9e pour l\u2019accomplissement des obligations fiscales, mais aussi et surtout pour la gestion de l\u2019entreprise.<br> Ce qui est son but premier.<\/p>\n","protected":false},"excerpt":{"rendered":"<p>Membre de l\u2019Institut des Experts-Comptables et Conseils Fiscaux, XL Expertise &amp; Associ\u00e9s vise l\u2019excellence. Les comp\u00e9tences, un accompagnement s\u00e9rieux et une grande disponibilit\u00e9 sont les&hellip;<\/p>\n","protected":false},"author":2,"featured_media":162,"parent":0,"menu_order":0,"comment_status":"closed","ping_status":"closed","template":"","meta":{"_monsterinsights_skip_tracking":false,"_monsterinsights_sitenote_active":false,"_monsterinsights_sitenote_note":"","_monsterinsights_sitenote_category":0,"footnotes":""},"class_list":["post-6","page","type-page","status-publish","has-post-thumbnail","hentry"],"yoast_head":"<!-- This site is optimized with the Yoast SEO plugin v26.6 - https:\/\/yoast.com\/wordpress\/plugins\/seo\/ -->\n<title>Qui sommes-nous - XL Expertise et Associ\u00e9s<\/title>\n<meta name=\"robots\" content=\"index, follow, max-snippet:-1, max-image-preview:large, max-video-preview:-1\" \/>\n<link rel=\"canonical\" href=\"https:\/\/xle.be\/index.php\/qui-sommes-nous\/\" \/>\n<meta property=\"og:locale\" content=\"en_US\" \/>\n<meta property=\"og:type\" content=\"article\" \/>\n<meta property=\"og:title\" content=\"Qui sommes-nous - XL Expertise et Associ\u00e9s\" \/>\n<meta property=\"og:description\" content=\"Membre de l\u2019Institut des Experts-Comptables et Conseils Fiscaux, XL Expertise &amp; Associ\u00e9s vise l\u2019excellence. Les comp\u00e9tences, un accompagnement s\u00e9rieux et une grande disponibilit\u00e9 sont les&hellip;\" \/>\n<meta property=\"og:url\" content=\"https:\/\/xle.be\/index.php\/qui-sommes-nous\/\" \/>\n<meta property=\"og:site_name\" content=\"XL Expertise et Associ\u00e9s\" \/>\n<meta property=\"article:modified_time\" content=\"2021-12-27T08:11:41+00:00\" \/>\n<meta property=\"og:image\" content=\"https:\/\/xle.be\/wp-content\/uploads\/2020\/01\/FacadeQuiSommesNous.png\" \/>\n\t<meta property=\"og:image:width\" content=\"1021\" \/>\n\t<meta property=\"og:image:height\" content=\"294\" \/>\n\t<meta property=\"og:image:type\" content=\"image\/png\" \/>\n<meta name=\"twitter:card\" content=\"summary_large_image\" \/>\n<meta name=\"twitter:label1\" content=\"Est. reading time\" \/>\n\t<meta name=\"twitter:data1\" content=\"2 minutes\" \/>\n<script type=\"application\/ld+json\" class=\"yoast-schema-graph\">{\"@context\":\"https:\/\/schema.org\",\"@graph\":[{\"@type\":\"WebPage\",\"@id\":\"https:\/\/xle.be\/index.php\/qui-sommes-nous\/\",\"url\":\"https:\/\/xle.be\/index.php\/qui-sommes-nous\/\",\"name\":\"Qui sommes-nous - XL Expertise et Associ\u00e9s\",\"isPartOf\":{\"@id\":\"https:\/\/xle.be\/#website\"},\"primaryImageOfPage\":{\"@id\":\"https:\/\/xle.be\/index.php\/qui-sommes-nous\/#primaryimage\"},\"image\":{\"@id\":\"https:\/\/xle.be\/index.php\/qui-sommes-nous\/#primaryimage\"},\"thumbnailUrl\":\"https:\/\/xle.be\/wp-content\/uploads\/2020\/01\/FacadeQuiSommesNous.png\",\"datePublished\":\"2019-04-29T18:47:34+00:00\",\"dateModified\":\"2021-12-27T08:11:41+00:00\",\"breadcrumb\":{\"@id\":\"https:\/\/xle.be\/index.php\/qui-sommes-nous\/#breadcrumb\"},\"inLanguage\":\"en-US\",\"potentialAction\":[{\"@type\":\"ReadAction\",\"target\":[\"https:\/\/xle.be\/index.php\/qui-sommes-nous\/\"]}]},{\"@type\":\"ImageObject\",\"inLanguage\":\"en-US\",\"@id\":\"https:\/\/xle.be\/index.php\/qui-sommes-nous\/#primaryimage\",\"url\":\"https:\/\/xle.be\/wp-content\/uploads\/2020\/01\/FacadeQuiSommesNous.png\",\"contentUrl\":\"https:\/\/xle.be\/wp-content\/uploads\/2020\/01\/FacadeQuiSommesNous.png\",\"width\":1021,\"height\":294,\"caption\":\"Facade XL Expertise\"},{\"@type\":\"BreadcrumbList\",\"@id\":\"https:\/\/xle.be\/index.php\/qui-sommes-nous\/#breadcrumb\",\"itemListElement\":[{\"@type\":\"ListItem\",\"position\":1,\"name\":\"Accueil\",\"item\":\"https:\/\/xle.be\/\"},{\"@type\":\"ListItem\",\"position\":2,\"name\":\"Qui sommes-nous\"}]},{\"@type\":\"WebSite\",\"@id\":\"https:\/\/xle.be\/#website\",\"url\":\"https:\/\/xle.be\/\",\"name\":\"XL Expertise et Associ\u00e9s\",\"description\":\"Expert comptable \u00e0 Nivelles\",\"publisher\":{\"@id\":\"https:\/\/xle.be\/#organization\"},\"potentialAction\":[{\"@type\":\"SearchAction\",\"target\":{\"@type\":\"EntryPoint\",\"urlTemplate\":\"https:\/\/xle.be\/?s={search_term_string}\"},\"query-input\":{\"@type\":\"PropertyValueSpecification\",\"valueRequired\":true,\"valueName\":\"search_term_string\"}}],\"inLanguage\":\"en-US\"},{\"@type\":\"Organization\",\"@id\":\"https:\/\/xle.be\/#organization\",\"name\":\"XL Expertise et Associ\u00e9s\",\"url\":\"https:\/\/xle.be\/\",\"logo\":{\"@type\":\"ImageObject\",\"inLanguage\":\"en-US\",\"@id\":\"https:\/\/xle.be\/#\/schema\/logo\/image\/\",\"url\":\"https:\/\/xle.be\/wp-content\/uploads\/2019\/04\/cropped-XL_2017Logo_OK-1.png\",\"contentUrl\":\"https:\/\/xle.be\/wp-content\/uploads\/2019\/04\/cropped-XL_2017Logo_OK-1.png\",\"width\":381,\"height\":162,\"caption\":\"XL Expertise et Associ\u00e9s\"},\"image\":{\"@id\":\"https:\/\/xle.be\/#\/schema\/logo\/image\/\"}}]}<\/script>\n<!-- \/ Yoast SEO plugin. -->","yoast_head_json":{"title":"Qui sommes-nous - XL Expertise et Associ\u00e9s","robots":{"index":"index","follow":"follow","max-snippet":"max-snippet:-1","max-image-preview":"max-image-preview:large","max-video-preview":"max-video-preview:-1"},"canonical":"https:\/\/xle.be\/index.php\/qui-sommes-nous\/","og_locale":"en_US","og_type":"article","og_title":"Qui sommes-nous - XL Expertise et Associ\u00e9s","og_description":"Membre de l\u2019Institut des Experts-Comptables et Conseils Fiscaux, XL Expertise &amp; Associ\u00e9s vise l\u2019excellence. Les comp\u00e9tences, un accompagnement s\u00e9rieux et une grande disponibilit\u00e9 sont les&hellip;","og_url":"https:\/\/xle.be\/index.php\/qui-sommes-nous\/","og_site_name":"XL Expertise et Associ\u00e9s","article_modified_time":"2021-12-27T08:11:41+00:00","og_image":[{"width":1021,"height":294,"url":"https:\/\/xle.be\/wp-content\/uploads\/2020\/01\/FacadeQuiSommesNous.png","type":"image\/png"}],"twitter_card":"summary_large_image","twitter_misc":{"Est. reading time":"2 minutes"},"schema":{"@context":"https:\/\/schema.org","@graph":[{"@type":"WebPage","@id":"https:\/\/xle.be\/index.php\/qui-sommes-nous\/","url":"https:\/\/xle.be\/index.php\/qui-sommes-nous\/","name":"Qui sommes-nous - XL Expertise et Associ\u00e9s","isPartOf":{"@id":"https:\/\/xle.be\/#website"},"primaryImageOfPage":{"@id":"https:\/\/xle.be\/index.php\/qui-sommes-nous\/#primaryimage"},"image":{"@id":"https:\/\/xle.be\/index.php\/qui-sommes-nous\/#primaryimage"},"thumbnailUrl":"https:\/\/xle.be\/wp-content\/uploads\/2020\/01\/FacadeQuiSommesNous.png","datePublished":"2019-04-29T18:47:34+00:00","dateModified":"2021-12-27T08:11:41+00:00","breadcrumb":{"@id":"https:\/\/xle.be\/index.php\/qui-sommes-nous\/#breadcrumb"},"inLanguage":"en-US","potentialAction":[{"@type":"ReadAction","target":["https:\/\/xle.be\/index.php\/qui-sommes-nous\/"]}]},{"@type":"ImageObject","inLanguage":"en-US","@id":"https:\/\/xle.be\/index.php\/qui-sommes-nous\/#primaryimage","url":"https:\/\/xle.be\/wp-content\/uploads\/2020\/01\/FacadeQuiSommesNous.png","contentUrl":"https:\/\/xle.be\/wp-content\/uploads\/2020\/01\/FacadeQuiSommesNous.png","width":1021,"height":294,"caption":"Facade XL Expertise"},{"@type":"BreadcrumbList","@id":"https:\/\/xle.be\/index.php\/qui-sommes-nous\/#breadcrumb","itemListElement":[{"@type":"ListItem","position":1,"name":"Accueil","item":"https:\/\/xle.be\/"},{"@type":"ListItem","position":2,"name":"Qui sommes-nous"}]},{"@type":"WebSite","@id":"https:\/\/xle.be\/#website","url":"https:\/\/xle.be\/","name":"XL Expertise et Associ\u00e9s","description":"Expert comptable \u00e0 Nivelles","publisher":{"@id":"https:\/\/xle.be\/#organization"},"potentialAction":[{"@type":"SearchAction","target":{"@type":"EntryPoint","urlTemplate":"https:\/\/xle.be\/?s={search_term_string}"},"query-input":{"@type":"PropertyValueSpecification","valueRequired":true,"valueName":"search_term_string"}}],"inLanguage":"en-US"},{"@type":"Organization","@id":"https:\/\/xle.be\/#organization","name":"XL Expertise et Associ\u00e9s","url":"https:\/\/xle.be\/","logo":{"@type":"ImageObject","inLanguage":"en-US","@id":"https:\/\/xle.be\/#\/schema\/logo\/image\/","url":"https:\/\/xle.be\/wp-content\/uploads\/2019\/04\/cropped-XL_2017Logo_OK-1.png","contentUrl":"https:\/\/xle.be\/wp-content\/uploads\/2019\/04\/cropped-XL_2017Logo_OK-1.png","width":381,"height":162,"caption":"XL Expertise et Associ\u00e9s"},"image":{"@id":"https:\/\/xle.be\/#\/schema\/logo\/image\/"}}]}},"_links":{"self":[{"href":"https:\/\/xle.be\/index.php\/wp-json\/wp\/v2\/pages\/6","targetHints":{"allow":["GET"]}}],"collection":[{"href":"https:\/\/xle.be\/index.php\/wp-json\/wp\/v2\/pages"}],"about":[{"href":"https:\/\/xle.be\/index.php\/wp-json\/wp\/v2\/types\/page"}],"author":[{"embeddable":true,"href":"https:\/\/xle.be\/index.php\/wp-json\/wp\/v2\/users\/2"}],"replies":[{"embeddable":true,"href":"https:\/\/xle.be\/index.php\/wp-json\/wp\/v2\/comments?post=6"}],"version-history":[{"count":22,"href":"https:\/\/xle.be\/index.php\/wp-json\/wp\/v2\/pages\/6\/revisions"}],"predecessor-version":[{"id":189,"href":"https:\/\/xle.be\/index.php\/wp-json\/wp\/v2\/pages\/6\/revisions\/189"}],"wp:featuredmedia":[{"embeddable":true,"href":"https:\/\/xle.be\/index.php\/wp-json\/wp\/v2\/media\/162"}],"wp:attachment":[{"href":"https:\/\/xle.be\/index.php\/wp-json\/wp\/v2\/media?parent=6"}],"curies":[{"name":"wp","href":"https:\/\/api.w.org\/{rel}","templated":true}]}}