{"id":10,"date":"2019-04-29T20:48:10","date_gmt":"2019-04-29T18:48:10","guid":{"rendered":"http:\/\/xle.be\/?page_id=10"},"modified":"2021-12-27T09:12:52","modified_gmt":"2021-12-27T08:12:52","slug":"contact","status":"publish","type":"page","link":"https:\/\/xle.be\/index.php\/contact\/","title":{"rendered":"Contact"},"content":{"rendered":"\n<p>Envoyez-nous un message, nous vous recontacterons dans les plus brefs d\u00e9lais!<\/p>\n\n\n\n<div class=\"wpcf7 no-js\" id=\"wpcf7-f80-o1\" lang=\"fr-FR\" dir=\"ltr\" data-wpcf7-id=\"80\">\n<div class=\"screen-reader-response\"><p role=\"status\" aria-live=\"polite\" aria-atomic=\"true\"><\/p> <ul><\/ul><\/div>\n<form action=\"\/index.php\/wp-json\/wp\/v2\/pages\/10#wpcf7-f80-o1\" method=\"post\" class=\"wpcf7-form init\" aria-label=\"Formulaire de contact\" novalidate=\"novalidate\" data-status=\"init\">\n<fieldset class=\"hidden-fields-container\"><input type=\"hidden\" name=\"_wpcf7\" value=\"80\" \/><input type=\"hidden\" name=\"_wpcf7_version\" value=\"6.1.4\" \/><input type=\"hidden\" name=\"_wpcf7_locale\" value=\"fr_FR\" \/><input type=\"hidden\" name=\"_wpcf7_unit_tag\" value=\"wpcf7-f80-o1\" \/><input type=\"hidden\" name=\"_wpcf7_container_post\" value=\"0\" \/><input type=\"hidden\" name=\"_wpcf7_posted_data_hash\" value=\"\" \/><input type=\"hidden\" name=\"_wpcf7_recaptcha_response\" value=\"\" \/>\n<\/fieldset>\n<p><label> Votre nom (obligatoire)<br \/>\n<span class=\"wpcf7-form-control-wrap\" data-name=\"your-name\"><input size=\"40\" maxlength=\"400\" class=\"wpcf7-form-control wpcf7-text wpcf7-validates-as-required\" aria-required=\"true\" aria-invalid=\"false\" value=\"\" type=\"text\" name=\"your-name\" \/><\/span> <\/label>\n<\/p>\n<p><label> Votre adresse de messagerie (obligatoire)<br \/>\n<span class=\"wpcf7-form-control-wrap\" data-name=\"your-email\"><input size=\"40\" maxlength=\"400\" class=\"wpcf7-form-control wpcf7-email wpcf7-validates-as-required wpcf7-text wpcf7-validates-as-email\" aria-required=\"true\" aria-invalid=\"false\" value=\"\" type=\"email\" name=\"your-email\" \/><\/span> <\/label>\n<\/p>\n<p><label> Votre num\u00e9ro de t\u00e9l\u00e9phone<br \/>\n<span class=\"wpcf7-form-control-wrap\" data-name=\"phonenumber\"><input class=\"wpcf7-form-control wpcf7-number wpcf7-validates-as-number\" aria-invalid=\"false\" value=\"\" type=\"number\" name=\"phonenumber\" \/><\/span> <\/label>\n<\/p>\n<p><label> Objet<br \/>\n<span class=\"wpcf7-form-control-wrap\" data-name=\"your-subject\"><input size=\"40\" maxlength=\"400\" class=\"wpcf7-form-control wpcf7-text\" aria-invalid=\"false\" value=\"\" type=\"text\" name=\"your-subject\" \/><\/span> <\/label>\n<\/p>\n<p><label> Votre message<br \/>\n<span class=\"wpcf7-form-control-wrap\" data-name=\"your-message\"><textarea cols=\"40\" rows=\"10\" maxlength=\"2000\" class=\"wpcf7-form-control wpcf7-textarea\" aria-invalid=\"false\" name=\"your-message\"><\/textarea><\/span> <\/label>\n<\/p>\n<p><input class=\"wpcf7-form-control wpcf7-submit has-spinner\" type=\"submit\" value=\"Envoyer\" \/>\n<\/p><div class=\"wpcf7-response-output\" aria-hidden=\"true\"><\/div>\n<\/form>\n<\/div>\n\n","protected":false},"excerpt":{"rendered":"<p>Envoyez-nous un message, nous vous recontacterons dans les plus brefs d\u00e9lais!<\/p>\n","protected":false},"author":2,"featured_media":169,"parent":0,"menu_order":0,"comment_status":"closed","ping_status":"closed","template":"","meta":{"_monsterinsights_skip_tracking":false,"_monsterinsights_sitenote_active":false,"_monsterinsights_sitenote_note":"","_monsterinsights_sitenote_category":0,"footnotes":""},"class_list":["post-10","page","type-page","status-publish","has-post-thumbnail","hentry"],"yoast_head":"<!-- This site is optimized with the Yoast SEO plugin v26.6 - https:\/\/yoast.com\/wordpress\/plugins\/seo\/ -->\n<title>Contact - XL Expertise et Associ\u00e9s<\/title>\n<meta name=\"robots\" content=\"index, follow, max-snippet:-1, max-image-preview:large, max-video-preview:-1\" \/>\n<link rel=\"canonical\" href=\"http:\/\/xle.be\/index.php\/contact\/\" \/>\n<meta property=\"og:locale\" content=\"en_US\" \/>\n<meta property=\"og:type\" content=\"article\" \/>\n<meta property=\"og:title\" content=\"Contact - XL Expertise et Associ\u00e9s\" \/>\n<meta property=\"og:description\" content=\"Envoyez-nous un message, nous vous recontacterons dans les plus brefs d\u00e9lais!\" \/>\n<meta property=\"og:url\" content=\"http:\/\/xle.be\/index.php\/contact\/\" \/>\n<meta property=\"og:site_name\" content=\"XL Expertise et Associ\u00e9s\" \/>\n<meta property=\"article:modified_time\" content=\"2021-12-27T08:12:52+00:00\" \/>\n<meta property=\"og:image\" content=\"http:\/\/xle.be\/wp-content\/uploads\/2020\/01\/EquipeXLExpertise.png\" \/>\n\t<meta property=\"og:image:width\" content=\"1000\" \/>\n\t<meta property=\"og:image:height\" content=\"484\" \/>\n\t<meta property=\"og:image:type\" content=\"image\/png\" \/>\n<meta name=\"twitter:card\" content=\"summary_large_image\" \/>\n<script type=\"application\/ld+json\" class=\"yoast-schema-graph\">{\"@context\":\"https:\/\/schema.org\",\"@graph\":[{\"@type\":\"WebPage\",\"@id\":\"http:\/\/xle.be\/index.php\/contact\/\",\"url\":\"http:\/\/xle.be\/index.php\/contact\/\",\"name\":\"Contact - XL Expertise et Associ\u00e9s\",\"isPartOf\":{\"@id\":\"https:\/\/xle.be\/#website\"},\"primaryImageOfPage\":{\"@id\":\"http:\/\/xle.be\/index.php\/contact\/#primaryimage\"},\"image\":{\"@id\":\"http:\/\/xle.be\/index.php\/contact\/#primaryimage\"},\"thumbnailUrl\":\"https:\/\/xle.be\/wp-content\/uploads\/2020\/01\/EquipeXLExpertise.png\",\"datePublished\":\"2019-04-29T18:48:10+00:00\",\"dateModified\":\"2021-12-27T08:12:52+00:00\",\"breadcrumb\":{\"@id\":\"http:\/\/xle.be\/index.php\/contact\/#breadcrumb\"},\"inLanguage\":\"en-US\",\"potentialAction\":[{\"@type\":\"ReadAction\",\"target\":[\"http:\/\/xle.be\/index.php\/contact\/\"]}]},{\"@type\":\"ImageObject\",\"inLanguage\":\"en-US\",\"@id\":\"http:\/\/xle.be\/index.php\/contact\/#primaryimage\",\"url\":\"https:\/\/xle.be\/wp-content\/uploads\/2020\/01\/EquipeXLExpertise.png\",\"contentUrl\":\"https:\/\/xle.be\/wp-content\/uploads\/2020\/01\/EquipeXLExpertise.png\",\"width\":1000,\"height\":484,\"caption\":\"EquipeXL Expertise Associ\u00e9s\"},{\"@type\":\"BreadcrumbList\",\"@id\":\"http:\/\/xle.be\/index.php\/contact\/#breadcrumb\",\"itemListElement\":[{\"@type\":\"ListItem\",\"position\":1,\"name\":\"Accueil\",\"item\":\"https:\/\/xle.be\/\"},{\"@type\":\"ListItem\",\"position\":2,\"name\":\"Contact\"}]},{\"@type\":\"WebSite\",\"@id\":\"https:\/\/xle.be\/#website\",\"url\":\"https:\/\/xle.be\/\",\"name\":\"XL Expertise et Associ\u00e9s\",\"description\":\"Expert comptable \u00e0 Nivelles\",\"publisher\":{\"@id\":\"https:\/\/xle.be\/#organization\"},\"potentialAction\":[{\"@type\":\"SearchAction\",\"target\":{\"@type\":\"EntryPoint\",\"urlTemplate\":\"https:\/\/xle.be\/?s={search_term_string}\"},\"query-input\":{\"@type\":\"PropertyValueSpecification\",\"valueRequired\":true,\"valueName\":\"search_term_string\"}}],\"inLanguage\":\"en-US\"},{\"@type\":\"Organization\",\"@id\":\"https:\/\/xle.be\/#organization\",\"name\":\"XL Expertise et Associ\u00e9s\",\"url\":\"https:\/\/xle.be\/\",\"logo\":{\"@type\":\"ImageObject\",\"inLanguage\":\"en-US\",\"@id\":\"https:\/\/xle.be\/#\/schema\/logo\/image\/\",\"url\":\"https:\/\/xle.be\/wp-content\/uploads\/2019\/04\/cropped-XL_2017Logo_OK-1.png\",\"contentUrl\":\"https:\/\/xle.be\/wp-content\/uploads\/2019\/04\/cropped-XL_2017Logo_OK-1.png\",\"width\":381,\"height\":162,\"caption\":\"XL Expertise et Associ\u00e9s\"},\"image\":{\"@id\":\"https:\/\/xle.be\/#\/schema\/logo\/image\/\"}}]}<\/script>\n<!-- \/ Yoast SEO plugin. -->","yoast_head_json":{"title":"Contact - XL Expertise et Associ\u00e9s","robots":{"index":"index","follow":"follow","max-snippet":"max-snippet:-1","max-image-preview":"max-image-preview:large","max-video-preview":"max-video-preview:-1"},"canonical":"http:\/\/xle.be\/index.php\/contact\/","og_locale":"en_US","og_type":"article","og_title":"Contact - XL Expertise et Associ\u00e9s","og_description":"Envoyez-nous un message, nous vous recontacterons dans les plus brefs d\u00e9lais!","og_url":"http:\/\/xle.be\/index.php\/contact\/","og_site_name":"XL Expertise et Associ\u00e9s","article_modified_time":"2021-12-27T08:12:52+00:00","og_image":[{"width":1000,"height":484,"url":"http:\/\/xle.be\/wp-content\/uploads\/2020\/01\/EquipeXLExpertise.png","type":"image\/png"}],"twitter_card":"summary_large_image","schema":{"@context":"https:\/\/schema.org","@graph":[{"@type":"WebPage","@id":"http:\/\/xle.be\/index.php\/contact\/","url":"http:\/\/xle.be\/index.php\/contact\/","name":"Contact - XL Expertise et Associ\u00e9s","isPartOf":{"@id":"https:\/\/xle.be\/#website"},"primaryImageOfPage":{"@id":"http:\/\/xle.be\/index.php\/contact\/#primaryimage"},"image":{"@id":"http:\/\/xle.be\/index.php\/contact\/#primaryimage"},"thumbnailUrl":"https:\/\/xle.be\/wp-content\/uploads\/2020\/01\/EquipeXLExpertise.png","datePublished":"2019-04-29T18:48:10+00:00","dateModified":"2021-12-27T08:12:52+00:00","breadcrumb":{"@id":"http:\/\/xle.be\/index.php\/contact\/#breadcrumb"},"inLanguage":"en-US","potentialAction":[{"@type":"ReadAction","target":["http:\/\/xle.be\/index.php\/contact\/"]}]},{"@type":"ImageObject","inLanguage":"en-US","@id":"http:\/\/xle.be\/index.php\/contact\/#primaryimage","url":"https:\/\/xle.be\/wp-content\/uploads\/2020\/01\/EquipeXLExpertise.png","contentUrl":"https:\/\/xle.be\/wp-content\/uploads\/2020\/01\/EquipeXLExpertise.png","width":1000,"height":484,"caption":"EquipeXL Expertise Associ\u00e9s"},{"@type":"BreadcrumbList","@id":"http:\/\/xle.be\/index.php\/contact\/#breadcrumb","itemListElement":[{"@type":"ListItem","position":1,"name":"Accueil","item":"https:\/\/xle.be\/"},{"@type":"ListItem","position":2,"name":"Contact"}]},{"@type":"WebSite","@id":"https:\/\/xle.be\/#website","url":"https:\/\/xle.be\/","name":"XL Expertise et Associ\u00e9s","description":"Expert comptable \u00e0 Nivelles","publisher":{"@id":"https:\/\/xle.be\/#organization"},"potentialAction":[{"@type":"SearchAction","target":{"@type":"EntryPoint","urlTemplate":"https:\/\/xle.be\/?s={search_term_string}"},"query-input":{"@type":"PropertyValueSpecification","valueRequired":true,"valueName":"search_term_string"}}],"inLanguage":"en-US"},{"@type":"Organization","@id":"https:\/\/xle.be\/#organization","name":"XL Expertise et Associ\u00e9s","url":"https:\/\/xle.be\/","logo":{"@type":"ImageObject","inLanguage":"en-US","@id":"https:\/\/xle.be\/#\/schema\/logo\/image\/","url":"https:\/\/xle.be\/wp-content\/uploads\/2019\/04\/cropped-XL_2017Logo_OK-1.png","contentUrl":"https:\/\/xle.be\/wp-content\/uploads\/2019\/04\/cropped-XL_2017Logo_OK-1.png","width":381,"height":162,"caption":"XL Expertise et Associ\u00e9s"},"image":{"@id":"https:\/\/xle.be\/#\/schema\/logo\/image\/"}}]}},"_links":{"self":[{"href":"https:\/\/xle.be\/index.php\/wp-json\/wp\/v2\/pages\/10","targetHints":{"allow":["GET"]}}],"collection":[{"href":"https:\/\/xle.be\/index.php\/wp-json\/wp\/v2\/pages"}],"about":[{"href":"https:\/\/xle.be\/index.php\/wp-json\/wp\/v2\/types\/page"}],"author":[{"embeddable":true,"href":"https:\/\/xle.be\/index.php\/wp-json\/wp\/v2\/users\/2"}],"replies":[{"embeddable":true,"href":"https:\/\/xle.be\/index.php\/wp-json\/wp\/v2\/comments?post=10"}],"version-history":[{"count":6,"href":"https:\/\/xle.be\/index.php\/wp-json\/wp\/v2\/pages\/10\/revisions"}],"predecessor-version":[{"id":154,"href":"https:\/\/xle.be\/index.php\/wp-json\/wp\/v2\/pages\/10\/revisions\/154"}],"wp:featuredmedia":[{"embeddable":true,"href":"https:\/\/xle.be\/index.php\/wp-json\/wp\/v2\/media\/169"}],"wp:attachment":[{"href":"https:\/\/xle.be\/index.php\/wp-json\/wp\/v2\/media?parent=10"}],"curies":[{"name":"wp","href":"https:\/\/api.w.org\/{rel}","templated":true}]}}